{"id":775,"date":"2018-02-27T10:04:58","date_gmt":"2018-02-27T10:04:58","guid":{"rendered":"http:\/\/www.brannholms.se\/?page_id=775"},"modified":"2018-02-27T10:06:11","modified_gmt":"2018-02-27T10:06:11","slug":"bygden","status":"publish","type":"page","link":"https:\/\/www.brannholms.se\/?page_id=775","title":{"rendered":"Bygden"},"content":{"rendered":"<p><a href=\"http:\/\/www.brannholms.se\/wp-content\/uploads\/2018\/02\/borgvattnet-1-1024x543.jpg\"><img loading=\"lazy\" class=\"alignnone size-full wp-image-777\" src=\"http:\/\/www.brannholms.se\/wp-content\/uploads\/2018\/02\/borgvattnet-1-1024x543.jpg\" alt=\"\" width=\"1024\" height=\"543\" srcset=\"https:\/\/www.brannholms.se\/wp-content\/uploads\/2018\/02\/borgvattnet-1-1024x543.jpg 1024w, https:\/\/www.brannholms.se\/wp-content\/uploads\/2018\/02\/borgvattnet-1-1024x543-300x159.jpg 300w, https:\/\/www.brannholms.se\/wp-content\/uploads\/2018\/02\/borgvattnet-1-1024x543-768x407.jpg 768w, https:\/\/www.brannholms.se\/wp-content\/uploads\/2018\/02\/borgvattnet-1-1024x543-960x509.jpg 960w\" sizes=\"(max-width: 1024px) 100vw, 1024px\" \/><\/a><\/p>\n<p>Borgvattnet \u00e4r en liten skogsby i nord\u00f6stra J\u00e4mtland ca 75 minuter fr\u00e5n \u00d6stersund. V\u00e4l k\u00e4nd f\u00f6r v\u00e5r \u201dSp\u00f6kpr\u00e4stg\u00e5rd\u201d samt att vi \u00e4r en av landets h\u00f6gst bel\u00e4gna kyrkbyar (496 m\u00f6h) med v\u00e5r lilla kyrka mitt i byn.<\/p>\n<p>H\u00e4r finns bussf\u00f6rbindelse till Stuguns samh\u00e4lle. Resan dit tar cirka 40 minuter. Andra samh\u00e4llen i v\u00e5r n\u00e4rhet \u00e4r Hammerdal, Ramsele, Str\u00f6msund och Hammarstrand.<\/p>\n<p>Det \u00e4ven finns 4G uppkoppling f\u00f6r internet.<\/p>\n<p>I Borgvattnet lever vi n\u00e4ra naturen och promenerar g\u00e4rna p\u00e5 fina stigar i skog och mark, fiskar fritt i Borgsj\u00f6n, plockar svamp och b\u00e4r samt ut\u00f6var jakt p\u00e5 b\u00e5de stort och sm\u00e5tt vilt. Skid\u00e5kare och skoter\u00e5kare \u00e4r ocks\u00e5 en v\u00e4lbekant syn vintertid.<\/p>\n<p><a href=\"http:\/\/www.brannholms.se\/wp-content\/uploads\/2018\/02\/borgvattnet-2-1024x768.jpg\"><img loading=\"lazy\" class=\"alignnone wp-image-779 size-medium\" src=\"http:\/\/www.brannholms.se\/wp-content\/uploads\/2018\/02\/borgvattnet-2-1024x768-300x225.jpg\" alt=\"\" width=\"300\" height=\"225\" srcset=\"https:\/\/www.brannholms.se\/wp-content\/uploads\/2018\/02\/borgvattnet-2-1024x768-300x225.jpg 300w, https:\/\/www.brannholms.se\/wp-content\/uploads\/2018\/02\/borgvattnet-2-1024x768-768x576.jpg 768w, https:\/\/www.brannholms.se\/wp-content\/uploads\/2018\/02\/borgvattnet-2-1024x768.jpg 1024w, https:\/\/www.brannholms.se\/wp-content\/uploads\/2018\/02\/borgvattnet-2-1024x768-960x720.jpg 960w\" sizes=\"(max-width: 300px) 100vw, 300px\" \/><\/a> <a href=\"http:\/\/www.brannholms.se\/wp-content\/uploads\/2018\/02\/borgvattnet-3-1024x768.jpg\"><img loading=\"lazy\" class=\"alignnone wp-image-781 size-medium\" src=\"http:\/\/www.brannholms.se\/wp-content\/uploads\/2018\/02\/borgvattnet-3-1024x768-300x225.jpg\" alt=\"\" width=\"300\" height=\"225\" srcset=\"https:\/\/www.brannholms.se\/wp-content\/uploads\/2018\/02\/borgvattnet-3-1024x768-300x225.jpg 300w, https:\/\/www.brannholms.se\/wp-content\/uploads\/2018\/02\/borgvattnet-3-1024x768-768x576.jpg 768w, https:\/\/www.brannholms.se\/wp-content\/uploads\/2018\/02\/borgvattnet-3-1024x768.jpg 1024w, https:\/\/www.brannholms.se\/wp-content\/uploads\/2018\/02\/borgvattnet-3-1024x768-960x720.jpg 960w\" sizes=\"(max-width: 300px) 100vw, 300px\" \/><\/a><\/p>\n<p>Sparken \u00e4r ett praktiskt f\u00f6rflyttningsmedel p\u00e5 vinterv\u00e4garna. En stunds vila utomhus, p\u00e5 en altan, eller i en sn\u00f6driva p\u00e5 v\u00e5rvintern i v\u00e5r lugna trygga milj\u00f6, brukar k\u00e4nnas v\u00e4lg\u00f6rande f\u00f6r kropp och sj\u00e4l.<\/p>\n<p>Vi gillar att umg\u00e5s och har flera f\u00f6reningar i bygden d\u00e4r vi anordnar middagar, fester, marknader, s\u00e5ngunderh\u00e5llning med v\u00e5r egen k\u00f6r, jaktskytte etc.<\/p>\n<p><a href=\"http:\/\/www.brannholms.se\/wp-content\/uploads\/2018\/02\/BILD009-1024x613.jpg\"><img loading=\"lazy\" class=\"alignnone size-full wp-image-783\" src=\"http:\/\/www.brannholms.se\/wp-content\/uploads\/2018\/02\/BILD009-1024x613.jpg\" alt=\"\" width=\"1024\" height=\"613\" srcset=\"https:\/\/www.brannholms.se\/wp-content\/uploads\/2018\/02\/BILD009-1024x613.jpg 1024w, https:\/\/www.brannholms.se\/wp-content\/uploads\/2018\/02\/BILD009-1024x613-300x180.jpg 300w, https:\/\/www.brannholms.se\/wp-content\/uploads\/2018\/02\/BILD009-1024x613-768x460.jpg 768w, https:\/\/www.brannholms.se\/wp-content\/uploads\/2018\/02\/BILD009-1024x613-960x575.jpg 960w\" sizes=\"(max-width: 1024px) 100vw, 1024px\" \/><\/a><\/p>\n","protected":false},"excerpt":{"rendered":"<p>Borgvattnet \u00e4r en liten skogsby i nord\u00f6stra J\u00e4mtland ca 75 minuter fr\u00e5n \u00d6stersund. V\u00e4l k\u00e4nd f\u00f6r v\u00e5r \u201dSp\u00f6kpr\u00e4stg\u00e5rd\u201d samt att vi \u00e4r en av landets h\u00f6gst bel\u00e4gna kyrkbyar (496 m\u00f6h) med v\u00e5r lilla kyrka mitt i byn. H\u00e4r finns bussf\u00f6rbindelse till Stuguns samh\u00e4lle. Resan dit tar cirka 40 minuter. Andra samh\u00e4llen i v\u00e5r n\u00e4rhet \u00e4r &hellip;<\/p>\n<p class=\"read-more\"> <a class=\"\" href=\"https:\/\/www.brannholms.se\/?page_id=775\"> <span class=\"screen-reader-text\">Bygden<\/span> L\u00e4s mer &raquo;<\/a><\/p>\n","protected":false},"author":1,"featured_media":0,"parent":2,"menu_order":0,"comment_status":"closed","ping_status":"closed","template":"","meta":{"site-sidebar-layout":"default","site-content-layout":"default","ast-global-header-display":"","ast-main-header-display":"","ast-hfb-above-header-display":"","ast-hfb-below-header-display":"","ast-hfb-mobile-header-display":"","site-post-title":"","ast-breadcrumbs-content":"","ast-featured-img":"","footer-sml-layout":"","theme-transparent-header-meta":"","adv-header-id-meta":"","stick-header-meta":"","header-above-stick-meta":"","header-main-stick-meta":"","header-below-stick-meta":""},"aioseo_notices":[],"_links":{"self":[{"href":"https:\/\/www.brannholms.se\/index.php?rest_route=\/wp\/v2\/pages\/775"}],"collection":[{"href":"https:\/\/www.brannholms.se\/index.php?rest_route=\/wp\/v2\/pages"}],"about":[{"href":"https:\/\/www.brannholms.se\/index.php?rest_route=\/wp\/v2\/types\/page"}],"author":[{"embeddable":true,"href":"https:\/\/www.brannholms.se\/index.php?rest_route=\/wp\/v2\/users\/1"}],"replies":[{"embeddable":true,"href":"https:\/\/www.brannholms.se\/index.php?rest_route=%2Fwp%2Fv2%2Fcomments&post=775"}],"version-history":[{"count":1,"href":"https:\/\/www.brannholms.se\/index.php?rest_route=\/wp\/v2\/pages\/775\/revisions"}],"predecessor-version":[{"id":787,"href":"https:\/\/www.brannholms.se\/index.php?rest_route=\/wp\/v2\/pages\/775\/revisions\/787"}],"up":[{"embeddable":true,"href":"https:\/\/www.brannholms.se\/index.php?rest_route=\/wp\/v2\/pages\/2"}],"wp:attachment":[{"href":"https:\/\/www.brannholms.se\/index.php?rest_route=%2Fwp%2Fv2%2Fmedia&parent=775"}],"curies":[{"name":"wp","href":"https:\/\/api.w.org\/{rel}","templated":true}]}}